{"id":121,"date":"2022-11-22T21:42:50","date_gmt":"2022-11-22T20:42:50","guid":{"rendered":"https:\/\/www.divadloosada.cz\/?page_id=121"},"modified":"2025-10-31T15:35:35","modified_gmt":"2025-10-31T14:35:35","slug":"divadelni-sezona","status":"publish","type":"page","link":"https:\/\/www.divadloosada.cz\/?page_id=121","title":{"rendered":"Divadeln\u00ed sez\u00f3na"},"content":{"rendered":"\n<p>V\u00e1\u017een\u00ed p\u0159\u00e1tel\u00e9 divadla, ji\u017e od roku 2013, kdy jsme slavnostn\u011b otev\u0159eli na\u0161e hornob\u0159\u00edzsk\u00e9 divadlo, pro v\u00e1s pravideln\u011b p\u0159ipravujeme divadeln\u00ed sez\u00f3nu v Horn\u00ed B\u0159\u00edze.  <\/p>\n\n\n\n<figure class=\"wp-block-embed is-type-video is-provider-youtube wp-block-embed-youtube wp-embed-aspect-16-9 wp-has-aspect-ratio\"><div class=\"wp-block-embed__wrapper\">\n<iframe loading=\"lazy\" title=\"Report\u00e1\u017e televize ZAK TV ze slavnostn\u00edho otev\u0159en\u00ed Divadla Horn\u00ed B\u0159\u00edza\" width=\"525\" height=\"295\" src=\"https:\/\/www.youtube.com\/embed\/4XjT1liiJx8?feature=oembed\" frameborder=\"0\" allow=\"accelerometer; autoplay; clipboard-write; encrypted-media; gyroscope; picture-in-picture; web-share\" referrerpolicy=\"strict-origin-when-cross-origin\" allowfullscreen><\/iframe>\n<\/div><\/figure>\n\n\n\n<p>Ka\u017ed\u00fd rok se n\u00e1\u0161 dramaturg divadeln\u00ed sez\u00f3ny Petr Koza sna\u017e\u00ed vybrat ty nejlep\u0161\u00ed divadeln\u00ed kousky z okoln\u00edch vs\u00ed i vzd\u00e1len\u011bj\u0161\u00edch m\u011bst a p\u0159edv\u00e9st v\u00e1m je na na\u0161ich divadeln\u00edch prknech.<\/p>\n\n\n\n<p>Na tato p\u0159edstaven\u00ed si m\u016f\u017eete dop\u0159edu rezervovat m\u00edsto:<\/p>\n\n\n\n<div class=\"wp-block-buttons is-content-justification-center is-layout-flex wp-container-core-buttons-is-layout-16018d1d wp-block-buttons-is-layout-flex\">\n<div class=\"wp-block-button\"><a class=\"wp-block-button__link wp-element-button\" href=\"http:\/\/rezervovat.unas.cz\/RezervaceVstup.php\" target=\"_blank\" rel=\"noreferrer noopener\">Rezervovat m\u00edsto na p\u0159edstaven\u00ed divadeln\u00ed sez\u00f3ny v Horn\u00ed B\u0159\u00edze<\/a><\/div>\n<\/div>\n\n\n\n<h2 class=\"wp-block-heading\">11. Divadeln\u00ed sez\u00f3na v Horn\u00ed B\u0159\u00edze<\/h2>\n\n\n\n<p>Mil\u00ed div\u00e1ci,<\/p>\n\n\n\n<p>leto\u0161n\u00ed sez\u00f3na je pro n\u00e1s opravdu speci\u00e1ln\u00ed. Divadlo Osada slav\u00ed 30 let od sv\u00e9ho zalo\u017een\u00ed \u2013 15. prosince 1995 jsme odehr\u00e1li prvn\u00ed p\u0159edstaven\u00ed a od t\u00e9 doby jsme s v\u00e1mi u\u0161li dlouhou cestu. T\u0159i desetilet\u00ed pln\u00e1 sm\u00edchu, emoc\u00ed a spole\u010dn\u00fdch z\u00e1\u017eitk\u016f bychom bez v\u00e1s nezvl\u00e1dli.<\/p>\n\n\n\n<p>Na oslavu tohoto v\u00fdro\u010d\u00ed jsme p\u0159ipravili 11. divadeln\u00ed sez\u00f3nu, kter\u00e1 nab\u00eddne to, co m\u00e1me nejrad\u011bji \u2013 komedie, poh\u00e1dky i siln\u00e9 p\u0159\u00edb\u011bhy. V\u011b\u0159\u00edme, \u017ee si ka\u017ed\u00fd najde to sv\u00e9.<\/p>\n\n\n\n<p>Dramaturg Petr Koza pro v\u00e1s op\u011bt vybral pestr\u00fd program a my se t\u011b\u0161\u00edme, a\u017e ho spole\u010dn\u011b pro\u017eijeme.<\/p>\n\n\n\n<p>Pokud chcete b\u00fdt divadlu je\u0161t\u011b bl\u00ed\u017e, m\u016f\u017eete se st\u00e1t \u010dleny Osada VIP klubu. \u010cek\u00e1 v\u00e1s p\u0159enosn\u00e1 vstupenka na v\u0161echna p\u0159edstaven\u00ed, rezervace obl\u00edben\u00e9ho m\u00edsta, sklenka v\u00edna a dokonce i mo\u017enost nahl\u00e9dnout do z\u00e1kulis\u00ed.<\/p>\n\n\n\n<p>D\u011bkujeme, \u017ee jste s n\u00e1mi \u2013 a poj\u010fme si spole\u010dn\u011b u\u017e\u00edt nejen novou sez\u00f3nu, ale i oslavu 30 let na\u0161eho divadla.<\/p>\n\n\n\n<h2 class=\"wp-block-heading\">Pozor, nat\u00e1\u010d\u00edme!<\/h2>\n\n\n\n<p>4. 10. 2025, 19:00, 120 K\u010d<\/p>\n\n\n\n<p>Spolek: Sme\u010dka Sm\u011bd\u010dice<\/p>\n\n\n\n<p>Podrobnosti o p\u0159edstaven\u00ed:<\/p>\n\n\n\n<p>Divadeln\u00ed p\u0159edstaven\u00ed o filmov\u00e9m nat\u00e1\u010den\u00ed dramatu b\u011bhem divadeln\u00edho p\u0159edstaven\u00ed. Do divadla zav\u00edtal zahrani\u010dn\u00ed filmov\u00fd \u0161t\u00e1b, aby zde nato\u010dil sc\u00e9nu z v\u00fdpravn\u00e9ho d\u00edla mapuj\u00edc\u00edho \u017eivot proslul\u00e9 francouzsk\u00e9 here\u010dky.<\/p>\n\n\n\n<h2 class=\"wp-block-heading\">\u0160a\u0161ek a jeho kr\u00e1l &#8211; premi\u00e9ra<\/h2>\n\n\n\n<p>8. 11. 2025, 19:00, 120 K\u010d<\/p>\n\n\n\n<p>Spolek: Divadlo Osada<\/p>\n\n\n\n<p>Podrobnosti o p\u0159edstaven\u00ed:<\/p>\n\n\n\n<p>Premi\u00e9ra nov\u00e9 hry dom\u00e1c\u00edho souboru pro dosp\u011bl\u00e9 div\u00e1ky Dramedie o moci a bezmoci.<\/p>\n\n\n\n<h2 class=\"wp-block-heading\">P\u0159\u00edb\u011bhy oby\u010dejn\u00e9ho \u0161\u00edlenstv\u00ed<\/h2>\n\n\n\n<p>17. 1. 2026, 19:00, 120 K\u010d<\/p>\n\n\n\n<p>Spolek: Divadlo Jez\u00edrko Plze\u0148<\/p>\n\n\n\n<p>Podrobnosti o p\u0159edstaven\u00ed:<\/p>\n\n\n\n<p>Komedie o sv\u011bt\u011b \u010derstv\u00e9ho \u010dty\u0159ic\u00e1tn\u00edka Petra, kde nic nen\u00ed norm\u00e1ln\u00ed. Jeho vztah se rozpadl, nejlep\u0161\u00ed kamar\u00e1d \u0159e\u0161\u00ed absenci intimity pomoc\u00ed dom\u00e1c\u00edch spot\u0159ebi\u010d\u016f, a k tomu se p\u0159id\u00e1v\u00e1 trocha \u010dern\u00e9 magie. Koloto\u010d komick\u00fdch situac\u00ed pln\u00fdch absurdity.<\/p>\n\n\n\n<h2 class=\"wp-block-heading\">Malom\u011b\u0161\u0165\u00e1kova svatba<\/h2>\n\n\n\n<p>14. 2. 2026, 19:00, 150 K\u010d<\/p>\n\n\n\n<p>Spolek: Divadlo Jako Host Plze\u0148<\/p>\n\n\n\n<p>Podrobnosti o p\u0159edstaven\u00ed:<\/p>\n\n\n\n<p>Komedie o svatebn\u00ed hostin\u011b, na kter\u00e9 nechcete b\u00fdt. V\u0161e je p\u0159ipraveno, ale objev\u00ed se nep\u0159\u00edjemnosti: j\u00eddlo je nepo\u017eivateln\u00e9, p\u0159\u00edbuzn\u00ed nesnesiteln\u00ed a p\u0159\u00e1tel\u00e9 netaktn\u00ed. Brechtova aktovka z roku 1919, kter\u00e1 je st\u00e1le aktu\u00e1ln\u00ed.<\/p>\n\n\n\n<h2 class=\"wp-block-heading\">Buly divadlo \u017eiv\u011b<\/h2>\n\n\n\n<p>7. 3. 2026, 19:00, 180 K\u010d<\/p>\n\n\n\n<p>Spolek: Ductus deferens Praha<\/p>\n\n\n\n<p>Podrobnosti o p\u0159edstaven\u00ed:<\/p>\n\n\n\n<p>Komedi\u00e1ln\u00ed h\u0159\u00ed\u010dka propojuj\u00edc\u00ed prost\u0159ed\u00ed sportu a divadla v jednom celku. Jde o hodinovou komorn\u00ed revue, kter\u00e1 pracuje s propojen\u00edm tematiky sportu a divadla.<\/p>\n\n\n\n<h2 class=\"wp-block-heading\">Spole\u010denstvo vlastn\u00edk\u016f<\/h2>\n\n\n\n<p>21. 3. 2026, 19:00, 120 K\u010d<\/p>\n\n\n\n<p>Spolek: Chlupatej kaktus<\/p>\n\n\n\n<p>Podrobnosti o p\u0159edstaven\u00ed:<\/p>\n\n\n\n<p>Komedie postaven\u00e1 na p\u016fdorysu klasick\u00e9 sch\u016fze spole\u010denstv\u00ed vlastn\u00edk\u016f bytov\u00fdch jednotek. Jde o nel\u00edtostn\u00fd boj rozv\u00e1\u0161n\u011bn\u00fdch eg o pozice a dominanci. Divadeln\u00ed hra z\u00edskala Cenu Marka Ravenhilla a je p\u0159edlohou pro film Vlastn\u00edci.<\/p>\n\n\n\n<h2 class=\"wp-block-heading\">Popelka<\/h2>\n\n\n\n<p>12. 4. 2026, 15:00, 80 K\u010d<\/p>\n\n\n\n<p>Spolek: Loutkov\u00e9 divadlo T\u0159emo\u0161n\u00e1<\/p>\n\n\n\n<p>Podrobnosti o p\u0159edstaven\u00ed:<\/p>\n\n\n\n<p>Klasick\u00e1 loutkov\u00e1 poh\u00e1dka o l\u00e1sce \u2013 o hodn\u00e9 Popelce a zl\u00fdch nevlastn\u00edch sestr\u00e1ch a mace\u0161e.<\/p>\n","protected":false},"excerpt":{"rendered":"<p>V\u00e1\u017een\u00ed p\u0159\u00e1tel\u00e9 divadla, ji\u017e od roku 2013, kdy jsme slavnostn\u011b otev\u0159eli na\u0161e hornob\u0159\u00edzsk\u00e9 divadlo, pro v\u00e1s pravideln\u011b p\u0159ipravujeme divadeln\u00ed sez\u00f3nu v Horn\u00ed B\u0159\u00edze. Ka\u017ed\u00fd rok se n\u00e1\u0161 dramaturg divadeln\u00ed sez\u00f3ny Petr Koza sna\u017e\u00ed vybrat ty nejlep\u0161\u00ed divadeln\u00ed kousky z okoln\u00edch vs\u00ed i vzd\u00e1len\u011bj\u0161\u00edch m\u011bst a p\u0159edv\u00e9st v\u00e1m je na na\u0161ich divadeln\u00edch prknech. Na tato p\u0159edstaven\u00ed &hellip; <\/p>\n<p class=\"link-more\"><a href=\"https:\/\/www.divadloosada.cz\/?page_id=121\" class=\"more-link\">Pokra\u010dovat ve \u010dten\u00ed<span class=\"screen-reader-text\"> &#8222;Divadeln\u00ed sez\u00f3na&#8220;<\/span><\/a><\/p>\n","protected":false},"author":1,"featured_media":0,"parent":0,"menu_order":0,"comment_status":"closed","ping_status":"closed","template":"","meta":{"footnotes":""},"class_list":["post-121","page","type-page","status-publish","hentry"],"_links":{"self":[{"href":"https:\/\/www.divadloosada.cz\/index.php?rest_route=\/wp\/v2\/pages\/121","targetHints":{"allow":["GET"]}}],"collection":[{"href":"https:\/\/www.divadloosada.cz\/index.php?rest_route=\/wp\/v2\/pages"}],"about":[{"href":"https:\/\/www.divadloosada.cz\/index.php?rest_route=\/wp\/v2\/types\/page"}],"author":[{"embeddable":true,"href":"https:\/\/www.divadloosada.cz\/index.php?rest_route=\/wp\/v2\/users\/1"}],"replies":[{"embeddable":true,"href":"https:\/\/www.divadloosada.cz\/index.php?rest_route=%2Fwp%2Fv2%2Fcomments&post=121"}],"version-history":[{"count":4,"href":"https:\/\/www.divadloosada.cz\/index.php?rest_route=\/wp\/v2\/pages\/121\/revisions"}],"predecessor-version":[{"id":535,"href":"https:\/\/www.divadloosada.cz\/index.php?rest_route=\/wp\/v2\/pages\/121\/revisions\/535"}],"wp:attachment":[{"href":"https:\/\/www.divadloosada.cz\/index.php?rest_route=%2Fwp%2Fv2%2Fmedia&parent=121"}],"curies":[{"name":"wp","href":"https:\/\/api.w.org\/{rel}","templated":true}]}}