{"id":219,"date":"2023-11-02T12:40:04","date_gmt":"2023-11-02T11:40:04","guid":{"rendered":"https:\/\/www.divadloosada.cz\/?page_id=219"},"modified":"2024-04-09T11:16:39","modified_gmt":"2024-04-09T09:16:39","slug":"jak-kasparek-k-zive-vode-prisel-a-pak-o-ni-zase-prisel","status":"publish","type":"page","link":"https:\/\/www.divadloosada.cz\/?page_id=219","title":{"rendered":"Jak ka\u0161p\u00e1rek k \u017eiv\u00e9 vod\u011b p\u0159i\u0161el a pak o n\u00ed zase p\u0159i\u0161el"},"content":{"rendered":"\n<p>DS MLAD\u00c1 SADA Horn\u00ed B\u0159\u00edza<\/p>\n\n\n\n<p>\u00dapln\u011b nov\u00e1 poh\u00e1dka Mlad\u00e9 Sady (Mileni\u00e1lsk\u00e1 sekce divadeln\u00edho spolku Osady).<\/p>\n\n\n\n<div class=\"wp-block-group\"><div class=\"wp-block-group__inner-container is-layout-constrained wp-block-group-is-layout-constrained\">\n<h2 class=\"wp-block-heading\">Aktu\u00e1ln\u011b hrajeme:<\/h2>\n\n\n\n<p>Kde tuhle hru m\u016f\u017eete aktu\u00e1ln\u011b vid\u011bt si jednodu\u0161e dohled\u00e1te v na\u0161em kalend\u00e1\u0159i. <br>Doporu\u010dujeme si ho p\u0159idat k Va\u0161im ostatn\u00edm kalend\u00e1\u0159\u016fm, a\u0165 v\u00e1m n\u00e1hodou n\u011bjak\u00e9 p\u0159edstaven\u00ed neunikne \ud83d\ude42<\/p>\n\n\n\n<iframe loading=\"lazy\" src=\"https:\/\/calendar.google.com\/calendar\/embed?height=600&#038;wkst=2&#038;ctz=Europe%2FPrague&#038;bgcolor=%23ffffff&#038;showTitle=0&#038;showCalendars=0&#038;showTz=0&#038;src=dmFibWQxaHR0bnZlcjdmcDIzb2FqbmZrcmNAZ3JvdXAuY2FsZW5kYXIuZ29vZ2xlLmNvbQ&#038;color=%237CB342\" style=\"border:solid 1px #777\" width=\"800\" height=\"600\" frameborder=\"0\" scrolling=\"no\"><\/iframe>\n<\/div><\/div>\n\n\n\n<p>Premi\u00e9ra je pl\u00e1novan\u00e1 na 11. ro\u010dn\u00edk Man\u011bt\u00ednsk\u00e9ho divadeln\u00edho podzimu.<\/p>\n\n\n\n<figure class=\"wp-block-image size-large\"><img loading=\"lazy\" decoding=\"async\" width=\"724\" height=\"1024\" src=\"https:\/\/www.divadloosada.cz\/wp-content\/uploads\/2023\/11\/kasparek-724x1024.jpeg\" alt=\"\" class=\"wp-image-220\" srcset=\"https:\/\/www.divadloosada.cz\/wp-content\/uploads\/2023\/11\/kasparek-724x1024.jpeg 724w, https:\/\/www.divadloosada.cz\/wp-content\/uploads\/2023\/11\/kasparek-212x300.jpeg 212w, https:\/\/www.divadloosada.cz\/wp-content\/uploads\/2023\/11\/kasparek-768x1086.jpeg 768w, https:\/\/www.divadloosada.cz\/wp-content\/uploads\/2023\/11\/kasparek-1086x1536.jpeg 1086w, https:\/\/www.divadloosada.cz\/wp-content\/uploads\/2023\/11\/kasparek.jpeg 1240w\" sizes=\"auto, (max-width: 724px) 100vw, 724px\" \/><\/figure>\n\n\n\n<figure class=\"wp-block-image size-large\"><img loading=\"lazy\" decoding=\"async\" width=\"723\" height=\"1024\" src=\"https:\/\/www.divadloosada.cz\/wp-content\/uploads\/2023\/11\/AVPageView-01.11.2023-141511-723x1024.jpg\" alt=\"\" class=\"wp-image-215\" srcset=\"https:\/\/www.divadloosada.cz\/wp-content\/uploads\/2023\/11\/AVPageView-01.11.2023-141511-723x1024.jpg 723w, https:\/\/www.divadloosada.cz\/wp-content\/uploads\/2023\/11\/AVPageView-01.11.2023-141511-212x300.jpg 212w, https:\/\/www.divadloosada.cz\/wp-content\/uploads\/2023\/11\/AVPageView-01.11.2023-141511-768x1088.jpg 768w, https:\/\/www.divadloosada.cz\/wp-content\/uploads\/2023\/11\/AVPageView-01.11.2023-141511.jpg 1064w\" sizes=\"auto, (max-width: 723px) 100vw, 723px\" \/><figcaption class=\"wp-element-caption\">Program Man\u011bt\u00ednsk\u00e9ho divadeln\u00edho podzimu.<\/figcaption><\/figure>\n\n\n\n<p>sc\u00e9n\u00e1\u0159: F. \u010cech, V. Cinybulk &#8211; upravil kolektiv MS<br>re\u017eie: kolektiv Mlad\u00e1 Sada<br>obsazen\u00ed: Jan Bla\u017eek, Petr Koza, Patrik Sieber, Petr \u0160uchman a Eva Zaj\u00edcov\u00e1 ml.<\/p>\n","protected":false},"excerpt":{"rendered":"<p>DS MLAD\u00c1 SADA Horn\u00ed B\u0159\u00edza \u00dapln\u011b nov\u00e1 poh\u00e1dka Mlad\u00e9 Sady (Mileni\u00e1lsk\u00e1 sekce divadeln\u00edho spolku Osady). Premi\u00e9ra je pl\u00e1novan\u00e1 na 11. ro\u010dn\u00edk Man\u011bt\u00ednsk\u00e9ho divadeln\u00edho podzimu. sc\u00e9n\u00e1\u0159: F. \u010cech, V. Cinybulk &#8211; upravil kolektiv MSre\u017eie: kolektiv Mlad\u00e1 Sadaobsazen\u00ed: Jan Bla\u017eek, Petr Koza, Patrik Sieber, Petr \u0160uchman a Eva Zaj\u00edcov\u00e1 ml.<\/p>\n","protected":false},"author":1,"featured_media":0,"parent":0,"menu_order":0,"comment_status":"closed","ping_status":"closed","template":"","meta":{"footnotes":""},"class_list":["post-219","page","type-page","status-publish","hentry"],"_links":{"self":[{"href":"https:\/\/www.divadloosada.cz\/index.php?rest_route=\/wp\/v2\/pages\/219","targetHints":{"allow":["GET"]}}],"collection":[{"href":"https:\/\/www.divadloosada.cz\/index.php?rest_route=\/wp\/v2\/pages"}],"about":[{"href":"https:\/\/www.divadloosada.cz\/index.php?rest_route=\/wp\/v2\/types\/page"}],"author":[{"embeddable":true,"href":"https:\/\/www.divadloosada.cz\/index.php?rest_route=\/wp\/v2\/users\/1"}],"replies":[{"embeddable":true,"href":"https:\/\/www.divadloosada.cz\/index.php?rest_route=%2Fwp%2Fv2%2Fcomments&post=219"}],"version-history":[{"count":2,"href":"https:\/\/www.divadloosada.cz\/index.php?rest_route=\/wp\/v2\/pages\/219\/revisions"}],"predecessor-version":[{"id":253,"href":"https:\/\/www.divadloosada.cz\/index.php?rest_route=\/wp\/v2\/pages\/219\/revisions\/253"}],"wp:attachment":[{"href":"https:\/\/www.divadloosada.cz\/index.php?rest_route=%2Fwp%2Fv2%2Fmedia&parent=219"}],"curies":[{"name":"wp","href":"https:\/\/api.w.org\/{rel}","templated":true}]}}