{"id":369,"date":"2024-11-24T23:17:02","date_gmt":"2024-11-24T22:17:02","guid":{"rendered":"https:\/\/www.divadloosada.cz\/?page_id=369"},"modified":"2026-02-01T19:58:16","modified_gmt":"2026-02-01T18:58:16","slug":"divadelni-hry","status":"publish","type":"page","link":"https:\/\/www.divadloosada.cz\/?page_id=369","title":{"rendered":"Divadeln\u00ed hry"},"content":{"rendered":"\n<h2 class=\"wp-block-heading\">Aktu\u00e1ln\u00ed hry:<\/h2>\n\n\n\n<p>hry, kter\u00e9 m\u00e1me aktu\u00e1ln\u011b na reperto\u00e1ru a kter\u00e9 si m\u016f\u017eete objednat:<\/p>\n\n\n\n<p><a href=\"https:\/\/www.divadloosada.cz\/?page_id=507\" data-type=\"page\" data-id=\"507\">\u0160a\u0161ek a jeho kr\u00e1l<\/a><\/p>\n\n\n\n<p><a href=\"https:\/\/www.divadloosada.cz\/?page_id=376\" data-type=\"page\" data-id=\"376\">Gameover<\/a><\/p>\n\n\n\n<p><a href=\"https:\/\/www.divadloosada.cz\/?page_id=118\" data-type=\"page\" data-id=\"118\">Dva koni s princeznou<\/a><\/p>\n\n\n\n<p><\/p>\n\n\n\n<p><\/p>\n\n\n\n<hr class=\"wp-block-separator has-text-color has-light-green-cyan-color has-alpha-channel-opacity has-light-green-cyan-background-color has-background is-style-wide\"\/>\n\n\n\n<h2 class=\"wp-block-heading\">Star\u0161\u00ed hry divadla Osada:<\/h2>\n\n\n\n<p><a href=\"https:\/\/www.divadloosada.cz\/?page_id=219\" data-type=\"page\" data-id=\"219\">Jak ka\u0161p\u00e1rek k dobr\u00e9 vod\u011b p\u0159i\u0161el a pak o ni zase p\u0159i\u0161el<\/a><\/p>\n\n\n\n<p><a href=\"https:\/\/www.divadloosada.cz\/?page_id=100\" data-type=\"page\" data-id=\"100\">\u010cern\u00e1 komedie<\/a><\/p>\n\n\n\n<p>Chlap na zabit\u00ed<\/p>\n\n\n\n<p>M\u011bs\u00ed\u010dn\u00ed poh\u00e1dka<\/p>\n\n\n\n<p>A je to v pytli!<\/p>\n\n\n\n<p>M\u00e1 J.<\/p>\n\n\n\n<p>R+J<\/p>\n\n\n\n<p>Ka\u0161p\u00e1rek a Kop\u0159ivka<\/p>\n\n\n\n<p>Monsieur Am\u00e9de\u00e9<\/p>\n\n\n\n<p>Jak se peklo zadlu\u017eilo<\/p>\n\n\n\n<p>Hotel mezi dv\u011bma sv\u011bty<\/p>\n\n\n\n<p>Trivial Game<\/p>\n\n\n\n<p>V\u00e1no\u010dn\u00ed kabaret I, II<\/p>\n\n\n\n<p>Kr\u00e1l \u017drout<\/p>\n\n\n\n<p>Pohle\u010f a bude\u0161 udiven<\/p>\n\n\n\n<p>Jak un\u00e9st d\u00e1mu<\/p>\n\n\n\n<p>Co v detektivce nebylo<\/p>\n\n\n\n<p>Star\u00e1 zn\u00e1most<\/p>\n\n\n\n<p>Vra\u017eedn\u00e9 d\u011bdictv\u00ed<\/p>\n\n\n\n<p>Komedie o stra\u0161idle<\/p>\n\n\n\n<p>Takov\u00e1 \u017eensk\u00e1 na krku<\/p>\n\n\n\n<p>Na b\u0159i\u0161e<\/p>\n\n\n\n<p>O rohat\u00e9 princezn\u011b<\/p>\n\n\n\n<p>P\u00e1tek t\u0159in\u00e1ct\u00fdho&nbsp;\/ U\u017e zase p\u00e1tek t\u0159in\u00e1ct\u00fdho<\/p>\n\n\n\n<p>Vra\u017eda sexem<\/p>\n\n\n\n<p>Ten kdo ut\u0159e nos<\/p>\n\n\n\n<p>Kr\u00e1lovna Kolob\u011b\u017eka<\/p>\n","protected":false},"excerpt":{"rendered":"<p>Aktu\u00e1ln\u00ed hry: hry, kter\u00e9 m\u00e1me aktu\u00e1ln\u011b na reperto\u00e1ru a kter\u00e9 si m\u016f\u017eete objednat: \u0160a\u0161ek a jeho kr\u00e1l Gameover Dva koni s princeznou Star\u0161\u00ed hry divadla Osada: Jak ka\u0161p\u00e1rek k dobr\u00e9 vod\u011b p\u0159i\u0161el a pak o ni zase p\u0159i\u0161el \u010cern\u00e1 komedie Chlap na zabit\u00ed M\u011bs\u00ed\u010dn\u00ed poh\u00e1dka A je to v pytli! M\u00e1 J. R+J Ka\u0161p\u00e1rek a &hellip; <\/p>\n<p class=\"link-more\"><a href=\"https:\/\/www.divadloosada.cz\/?page_id=369\" class=\"more-link\">Pokra\u010dovat ve \u010dten\u00ed<span class=\"screen-reader-text\"> &#8222;Divadeln\u00ed hry&#8220;<\/span><\/a><\/p>\n","protected":false},"author":1,"featured_media":0,"parent":0,"menu_order":0,"comment_status":"closed","ping_status":"closed","template":"","meta":{"footnotes":""},"class_list":["post-369","page","type-page","status-publish","hentry"],"_links":{"self":[{"href":"https:\/\/www.divadloosada.cz\/index.php?rest_route=\/wp\/v2\/pages\/369","targetHints":{"allow":["GET"]}}],"collection":[{"href":"https:\/\/www.divadloosada.cz\/index.php?rest_route=\/wp\/v2\/pages"}],"about":[{"href":"https:\/\/www.divadloosada.cz\/index.php?rest_route=\/wp\/v2\/types\/page"}],"author":[{"embeddable":true,"href":"https:\/\/www.divadloosada.cz\/index.php?rest_route=\/wp\/v2\/users\/1"}],"replies":[{"embeddable":true,"href":"https:\/\/www.divadloosada.cz\/index.php?rest_route=%2Fwp%2Fv2%2Fcomments&post=369"}],"version-history":[{"count":5,"href":"https:\/\/www.divadloosada.cz\/index.php?rest_route=\/wp\/v2\/pages\/369\/revisions"}],"predecessor-version":[{"id":568,"href":"https:\/\/www.divadloosada.cz\/index.php?rest_route=\/wp\/v2\/pages\/369\/revisions\/568"}],"wp:attachment":[{"href":"https:\/\/www.divadloosada.cz\/index.php?rest_route=%2Fwp%2Fv2%2Fmedia&parent=369"}],"curies":[{"name":"wp","href":"https:\/\/api.w.org\/{rel}","templated":true}]}}