{"id":95,"date":"2022-11-22T20:42:02","date_gmt":"2022-11-22T19:42:02","guid":{"rendered":"https:\/\/www.divadloosada.cz\/?page_id=95"},"modified":"2024-12-18T12:45:24","modified_gmt":"2024-12-18T11:45:24","slug":"kontakt","status":"publish","type":"page","link":"https:\/\/www.divadloosada.cz\/?page_id=95","title":{"rendered":"Kontakt"},"content":{"rendered":"\n<div class=\"wp-block-columns is-layout-flex wp-container-core-columns-is-layout-9d6595d7 wp-block-columns-is-layout-flex\">\n<div class=\"wp-block-column is-layout-flow wp-block-column-is-layout-flow\">\n<h2 class=\"wp-block-heading has-black-color has-text-color\" style=\"font-size:45px\">Divadlo Osada<\/h2>\n\n\n\n<p><strong>Kontaktn\u00ed informace:<\/strong><\/p>\n\n\n\n<p class=\"has-black-color has-text-color\" style=\"line-height:0.2\">K Rybn\u00ed\u010dku 410 <\/p>\n\n\n\n<p class=\"has-black-color has-text-color\" style=\"line-height:0.2\">Horn\u00ed B\u0159\u00edza 330 12<\/p>\n\n\n\n<p><strong>E-mail: <\/strong><\/p>\n\n\n\n<p><a href=\"mailto:info@divadloosada.cz\">info@divadloosada.cz<\/a><\/p>\n\n\n\n<p><strong>P\u0159edsedkyn\u011b: <\/strong><\/p>\n\n\n\n<p>Ren\u00e1ta Mich\u00e1lkov\u00e1<\/p>\n\n\n\n<p><a href=\"tel:+420737711319\">+420 737 711 319<\/a><\/p>\n\n\n\n<p><a href=\"mailto:remichalkova@gmail.com\">remichalkova@gmail.com<\/a><\/p>\n<\/div>\n\n\n\n<div class=\"wp-block-column is-layout-flow wp-block-column-is-layout-flow\">\n<div style=\"height:165px\" aria-hidden=\"true\" class=\"wp-block-spacer\"><\/div>\n\n\n\n<h2 class=\"wp-block-heading has-black-color has-text-color\" style=\"font-size:45px\">Divadeln\u00ed spolek Osada <\/h2>\n\n\n\n<p>Zapsan\u00fd spolek &#8211;  slo\u017eka L 2009 veden\u00e1 u Krajsk\u00e9ho soudu v Plzni<\/p>\n\n\n\n<p>I\u010cO: 49746537<\/p>\n\n\n\n<p style=\"line-height:3.0\"><\/p>\n<\/div>\n<\/div>\n","protected":false},"excerpt":{"rendered":"<p>Divadlo Osada Kontaktn\u00ed informace: K Rybn\u00ed\u010dku 410 Horn\u00ed B\u0159\u00edza 330 12 E-mail: info@divadloosada.cz P\u0159edsedkyn\u011b: Ren\u00e1ta Mich\u00e1lkov\u00e1 +420 737 711 319 remichalkova@gmail.com Divadeln\u00ed spolek Osada Zapsan\u00fd spolek &#8211; slo\u017eka L 2009 veden\u00e1 u Krajsk\u00e9ho soudu v Plzni I\u010cO: 49746537<\/p>\n","protected":false},"author":1,"featured_media":0,"parent":0,"menu_order":0,"comment_status":"closed","ping_status":"closed","template":"","meta":{"footnotes":""},"class_list":["post-95","page","type-page","status-publish","hentry"],"_links":{"self":[{"href":"https:\/\/www.divadloosada.cz\/index.php?rest_route=\/wp\/v2\/pages\/95","targetHints":{"allow":["GET"]}}],"collection":[{"href":"https:\/\/www.divadloosada.cz\/index.php?rest_route=\/wp\/v2\/pages"}],"about":[{"href":"https:\/\/www.divadloosada.cz\/index.php?rest_route=\/wp\/v2\/types\/page"}],"author":[{"embeddable":true,"href":"https:\/\/www.divadloosada.cz\/index.php?rest_route=\/wp\/v2\/users\/1"}],"replies":[{"embeddable":true,"href":"https:\/\/www.divadloosada.cz\/index.php?rest_route=%2Fwp%2Fv2%2Fcomments&post=95"}],"version-history":[{"count":8,"href":"https:\/\/www.divadloosada.cz\/index.php?rest_route=\/wp\/v2\/pages\/95\/revisions"}],"predecessor-version":[{"id":421,"href":"https:\/\/www.divadloosada.cz\/index.php?rest_route=\/wp\/v2\/pages\/95\/revisions\/421"}],"wp:attachment":[{"href":"https:\/\/www.divadloosada.cz\/index.php?rest_route=%2Fwp%2Fv2%2Fmedia&parent=95"}],"curies":[{"name":"wp","href":"https:\/\/api.w.org\/{rel}","templated":true}]}}